{"id":302,"date":"2023-05-27T11:53:22","date_gmt":"2023-05-27T09:53:22","guid":{"rendered":"https:\/\/rekolux.cz\/?page_id=302"},"modified":"2025-09-16T11:20:14","modified_gmt":"2025-09-16T09:20:14","slug":"kontakty","status":"publish","type":"page","link":"https:\/\/rekolux.cz\/en\/kontakty\/","title":{"rendered":"Contacts"},"content":{"rendered":"<div data-elementor-type=\"wp-page\" data-elementor-id=\"302\" class=\"elementor elementor-302\" data-elementor-post-type=\"page\">\n\t\t\t\t<div class=\"elementor-element elementor-element-650a476 e-flex e-con-boxed e-con e-parent\" data-id=\"650a476\" data-element_type=\"container\">\n\t\t\t\t\t<div class=\"e-con-inner\">\n\t\t<div class=\"elementor-element elementor-element-b66bf03 e-con-full e-flex e-con e-child\" data-id=\"b66bf03\" data-element_type=\"container\">\n\t\t\t\t<div class=\"elementor-element elementor-element-3d660c8 elementor-widget elementor-widget-heading\" data-id=\"3d660c8\" data-element_type=\"widget\" data-widget_type=\"heading.default\">\n\t\t\t\t<div class=\"elementor-widget-container\">\n\t\t\t\t\t<h3 class=\"elementor-heading-title elementor-size-default\">Domluvte si sch\u016fzku<\/h3>\t\t\t\t<\/div>\n\t\t\t\t<\/div>\n\t\t\t\t<div class=\"elementor-element elementor-element-afbc521 elementor-widget__width-inherit elementor-icon-list--layout-traditional elementor-list-item-link-full_width elementor-widget elementor-widget-icon-list\" data-id=\"afbc521\" data-element_type=\"widget\" data-widget_type=\"icon-list.default\">\n\t\t\t\t<div class=\"elementor-widget-container\">\n\t\t\t\t\t\t\t<ul class=\"elementor-icon-list-items\">\n\t\t\t\t\t\t\t<li class=\"elementor-icon-list-item\">\n\t\t\t\t\t\t\t\t\t\t\t<a href=\"https:\/\/goo.gl\/maps\/uqYWnyfVeYQtX2kZ7\" target=\"_blank\" rel=\"nofollow noopener\">\n\n\t\t\t\t\t\t\t\t\t\t\t\t<span class=\"elementor-icon-list-icon\">\n\t\t\t\t\t\t\t<svg xmlns=\"http:\/\/www.w3.org\/2000\/svg\" width=\"16\" height=\"16\" viewbox=\"0 0 16 16\" fill=\"none\"><g clip-path=\"url(#clip0_18_95)\"><path d=\"M8.20206 0.00333482C4.95279 -0.106167 2.28442 2.49519 2.28442 5.71972C2.28442 9.37922 5.79628 12.035 7.76467 15.8544C7.86461 16.0484 8.14377 16.0486 8.24405 15.8547C10.0247 12.418 13.0682 10.1135 13.6322 6.80266C14.2162 3.37656 11.6755 0.120438 8.20206 0.00333482ZM8.00408 8.71572C6.34946 8.71572 5.00808 7.37431 5.00808 5.71972C5.00808 4.06513 6.34949 2.72372 8.00408 2.72372C9.6587 2.72372 11.0001 4.06513 11.0001 5.71972C11.0001 7.37431 9.6587 8.71572 8.00408 8.71572Z\" fill=\"#D9B381\"><\/path><\/g><defs><clippath id=\"clip0_18_95\"><rect width=\"16\" height=\"16\" fill=\"white\"><\/rect><\/clippath><\/defs><\/svg>\t\t\t\t\t\t<\/span>\n\t\t\t\t\t\t\t\t\t\t<span class=\"elementor-icon-list-text\">Bryksova 818\/48, 198 00 Prague - \u010cern\u00fd Most<\/span>\n\t\t\t\t\t\t\t\t\t\t\t<\/a>\n\t\t\t\t\t\t\t\t\t<\/li>\n\t\t\t\t\t\t\t\t<li class=\"elementor-icon-list-item\">\n\t\t\t\t\t\t\t\t\t\t\t<a href=\"tel:+420777677762\">\n\n\t\t\t\t\t\t\t\t\t\t\t\t<span class=\"elementor-icon-list-icon\">\n\t\t\t\t\t\t\t<svg xmlns=\"http:\/\/www.w3.org\/2000\/svg\" width=\"16\" height=\"16\" viewbox=\"0 0 16 16\" fill=\"none\"><g clip-path=\"url(#clip0_18_78)\"><path d=\"M14.7162 10.5022C13.7366 10.5022 12.7747 10.349 11.8633 10.0478C11.4167 9.89542 10.8676 10.0352 10.595 10.3151L8.796 11.6732C6.70963 10.5595 5.42446 9.27475 4.32596 7.20404L5.64408 5.45188C5.98654 5.10988 6.10938 4.61029 5.96221 4.14154C5.65971 3.22529 5.50604 2.26392 5.50604 1.28392C5.50608 0.575958 4.93013 0 4.22221 0H1.28387C0.575958 0 0 0.575958 0 1.28387C0 9.39846 6.60158 16 14.7162 16C15.4241 16 16 15.424 16 14.7161V11.786C16 11.0781 15.424 10.5022 14.7162 10.5022Z\" fill=\"#D9B381\"><\/path><\/g><defs><clippath id=\"clip0_18_78\"><rect width=\"16\" height=\"16\" fill=\"white\"><\/rect><\/clippath><\/defs><\/svg>\t\t\t\t\t\t<\/span>\n\t\t\t\t\t\t\t\t\t\t<span class=\"elementor-icon-list-text\">+420 777 677 762<\/span>\n\t\t\t\t\t\t\t\t\t\t\t<\/a>\n\t\t\t\t\t\t\t\t\t<\/li>\n\t\t\t\t\t\t\t\t<li class=\"elementor-icon-list-item\">\n\t\t\t\t\t\t\t\t\t\t\t<a href=\"mailto:info@rekolux.cz\">\n\n\t\t\t\t\t\t\t\t\t\t\t\t<span class=\"elementor-icon-list-icon\">\n\t\t\t\t\t\t\t<svg xmlns=\"http:\/\/www.w3.org\/2000\/svg\" width=\"16\" height=\"16\" viewbox=\"0 0 16 16\" fill=\"none\"><g clip-path=\"url(#clip0_18_82)\"><path d=\"M10.606 8.08208L16 11.4921V4.52808L10.606 8.08208Z\" fill=\"#D9B381\"><\/path><path d=\"M0 4.52808V11.4921L5.394 8.08208L0 4.52808Z\" fill=\"#D9B381\"><\/path><path d=\"M15 2.5H0.999968C0.500968 2.5 0.104968 2.872 0.0299683 3.351L7.99997 8.602L15.97 3.351C15.895 2.872 15.499 2.5 15 2.5Z\" fill=\"#D9B381\"><\/path><path d=\"M9.68998 8.68606L8.27498 9.61806C8.19098 9.67306 8.09598 9.70006 7.99998 9.70006C7.90398 9.70006 7.80898 9.67306 7.72498 9.61806L6.30998 8.68506L0.0319824 12.6561C0.108982 13.1311 0.502982 13.5001 0.999982 13.5001H15C15.497 13.5001 15.891 13.1311 15.968 12.6561L9.68998 8.68606Z\" fill=\"#D9B381\"><\/path><\/g><defs><clippath id=\"clip0_18_82\"><rect width=\"16\" height=\"16\" fill=\"white\"><\/rect><\/clippath><\/defs><\/svg>\t\t\t\t\t\t<\/span>\n\t\t\t\t\t\t\t\t\t\t<span class=\"elementor-icon-list-text\">info@rekolux.cz<\/span>\n\t\t\t\t\t\t\t\t\t\t\t<\/a>\n\t\t\t\t\t\t\t\t\t<\/li>\n\t\t\t\t\t\t\t\t<li class=\"elementor-icon-list-item\">\n\t\t\t\t\t\t\t\t\t\t\t<span class=\"elementor-icon-list-icon\">\n\t\t\t\t\t\t\t<svg xmlns=\"http:\/\/www.w3.org\/2000\/svg\" width=\"16\" height=\"16\" viewbox=\"0 0 16 16\" fill=\"none\"><g clip-path=\"url(#clip0_234_897)\"><path d=\"M12.8861 7.55468H8.44228V3.11068C8.44295 2.86535 8.24365 2.66602 7.99836 2.66602C5.05824 2.66602 2.66602 5.05868 2.66602 7.99935C2.66602 10.94 5.05824 13.3327 7.99836 13.3327C10.9385 13.3327 13.3307 10.94 13.3307 7.99935C13.3307 7.75402 13.1314 7.55468 12.8861 7.55468Z\" fill=\"#D9B381\"><\/path><path d=\"M7.99852 16C3.588 16 0 12.4113 0 8C0 3.58867 3.588 0 7.99852 0C12.409 0 15.997 3.58867 15.997 8C15.997 12.4113 12.409 16 7.99852 16ZM7.99852 1.33333C4.3232 1.33333 1.33309 4.324 1.33309 8C1.33309 11.676 4.3232 14.6667 7.99852 14.6667C11.6738 14.6667 14.664 11.676 14.664 8C14.664 4.324 11.6738 1.33333 7.99852 1.33333Z\" fill=\"#D9B381\"><\/path><\/g><defs><clippath id=\"clip0_234_897\"><rect width=\"15.997\" height=\"16\" fill=\"white\"><\/rect><\/clippath><\/defs><\/svg>\t\t\t\t\t\t<\/span>\n\t\t\t\t\t\t\t\t\t\t<span class=\"elementor-icon-list-text\">Pond\u011bl\u00ed a\u017e P\u00e1tek: 8-18 Sobota: 8-14<\/span>\n\t\t\t\t\t\t\t\t\t<\/li>\n\t\t\t\t\t\t<\/ul>\n\t\t\t\t\t\t<\/div>\n\t\t\t\t<\/div>\n\t\t\t\t<div class=\"elementor-element elementor-element-824001e elementor-widget elementor-widget-spacer\" data-id=\"824001e\" data-element_type=\"widget\" data-widget_type=\"spacer.default\">\n\t\t\t\t<div class=\"elementor-widget-container\">\n\t\t\t\t\t\t\t<div class=\"elementor-spacer\">\n\t\t\t<div class=\"elementor-spacer-inner\"><\/div>\n\t\t<\/div>\n\t\t\t\t\t\t<\/div>\n\t\t\t\t<\/div>\n\t\t\t\t<div class=\"elementor-element elementor-element-9a9ffca elementor-widget elementor-widget-heading\" data-id=\"9a9ffca\" data-element_type=\"widget\" data-widget_type=\"heading.default\">\n\t\t\t\t<div class=\"elementor-widget-container\">\n\t\t\t\t\t<h3 class=\"elementor-heading-title elementor-size-default\">Social networks<\/h3>\t\t\t\t<\/div>\n\t\t\t\t<\/div>\n\t\t\t\t<div class=\"elementor-element elementor-element-edcce32 elementor-align-right button-line elementor-widget elementor-widget-button\" data-id=\"edcce32\" data-element_type=\"widget\" data-widget_type=\"button.default\">\n\t\t\t\t<div class=\"elementor-widget-container\">\n\t\t\t\t\t\t\t\t\t<div class=\"elementor-button-wrapper\">\n\t\t\t\t\t<a class=\"elementor-button elementor-button-link elementor-size-sm\" href=\"https:\/\/facebook.com\/rekolux\/\" rel=\"nofollow noopener\" target=\"_blank\">\n\t\t\t\t\t\t<span class=\"elementor-button-content-wrapper\">\n\t\t\t\t\t\t\t\t\t<span class=\"elementor-button-text\">Facebook<\/span>\n\t\t\t\t\t<\/span>\n\t\t\t\t\t<\/a>\n\t\t\t\t<\/div>\n\t\t\t\t\t\t\t\t<\/div>\n\t\t\t\t<\/div>\n\t\t\t\t<div class=\"elementor-element elementor-element-9fd511d elementor-align-right button-line elementor-widget elementor-widget-button\" data-id=\"9fd511d\" data-element_type=\"widget\" data-widget_type=\"button.default\">\n\t\t\t\t<div class=\"elementor-widget-container\">\n\t\t\t\t\t\t\t\t\t<div class=\"elementor-button-wrapper\">\n\t\t\t\t\t<a class=\"elementor-button elementor-button-link elementor-size-sm\" href=\"https:\/\/instagram.com\/rekolux\/\" rel=\"nofollow noopener\" target=\"_blank\">\n\t\t\t\t\t\t<span class=\"elementor-button-content-wrapper\">\n\t\t\t\t\t\t\t\t\t<span class=\"elementor-button-text\">Instagram<\/span>\n\t\t\t\t\t<\/span>\n\t\t\t\t\t<\/a>\n\t\t\t\t<\/div>\n\t\t\t\t\t\t\t\t<\/div>\n\t\t\t\t<\/div>\n\t\t\t\t<div class=\"elementor-element elementor-element-3d32b49 elementor-align-right button-line elementor-widget elementor-widget-button\" data-id=\"3d32b49\" data-element_type=\"widget\" data-widget_type=\"button.default\">\n\t\t\t\t<div class=\"elementor-widget-container\">\n\t\t\t\t\t\t\t\t\t<div class=\"elementor-button-wrapper\">\n\t\t\t\t\t<a class=\"elementor-button elementor-button-link elementor-size-sm\" href=\"https:\/\/www.youtube.com\/channel\/UCKEP4C0Oy6ilP7Au8PApVdQ\" rel=\"nofollow noopener\" target=\"_blank\">\n\t\t\t\t\t\t<span class=\"elementor-button-content-wrapper\">\n\t\t\t\t\t\t\t\t\t<span class=\"elementor-button-text\">Youtube<\/span>\n\t\t\t\t\t<\/span>\n\t\t\t\t\t<\/a>\n\t\t\t\t<\/div>\n\t\t\t\t\t\t\t\t<\/div>\n\t\t\t\t<\/div>\n\t\t\t\t<\/div>\n\t\t<div class=\"elementor-element elementor-element-508cf14 e-con-full e-flex e-con e-child\" data-id=\"508cf14\" data-element_type=\"container\">\n\t\t\t\t<div class=\"elementor-element elementor-element-58de216 elementor-widget elementor-widget-html\" data-id=\"58de216\" data-element_type=\"widget\" data-widget_type=\"html.default\">\n\t\t\t\t<div class=\"elementor-widget-container\">\n\t\t\t\t\t<iframe src=\"https:\/\/www.google.com\/maps\/embed?pb=!1m18!1m12!1m3!1d4347.997748343022!2d14.577311377544724!3d50.108344911935674!2m3!1f0!2f0!3f0!3m2!1i1024!2i768!4f13.1!3m3!1m2!1s0x470b93994f16c071%3A0xb55d6293e2e7e69e!2sREKOLUX%20-%20rekonstrukce%20byt%C5%AF%20a%20dom%C5%AF!5e1!3m2!1sen!2ses!4v1740513380768!5m2!1sen!2ses\" width=\"600\" height=\"450\" style=\"border:0;\" allowfullscreen=\"\" loading=\"lazy\" referrerpolicy=\"no-referrer-when-downgrade\"><\/iframe>\t\t\t\t<\/div>\n\t\t\t\t<\/div>\n\t\t\t\t<\/div>\n\t\t\t\t\t<\/div>\n\t\t\t\t<\/div>\n\t\t\t\t<\/div>","protected":false},"excerpt":{"rendered":"<p>Domluvte si sch\u016fzku Bryksova 818\/48, 198 00 Praha &#8211; \u010cern\u00fd Most +420 777 677 762 info@rekolux.cz Pond\u011bl\u00ed a\u017e P\u00e1tek: 8-18 Sobota: 8-14 Soci\u00e1ln\u00ed s\u00edt\u011b Facebook Instagram Youtube<\/p>","protected":false},"author":1,"featured_media":0,"parent":0,"menu_order":0,"comment_status":"closed","ping_status":"closed","template":"","meta":{"_acf_changed":false,"footnotes":""},"class_list":["post-302","page","type-page","status-publish","hentry"],"acf":[],"_links":{"self":[{"href":"https:\/\/rekolux.cz\/en\/wp-json\/wp\/v2\/pages\/302","targetHints":{"allow":["GET"]}}],"collection":[{"href":"https:\/\/rekolux.cz\/en\/wp-json\/wp\/v2\/pages"}],"about":[{"href":"https:\/\/rekolux.cz\/en\/wp-json\/wp\/v2\/types\/page"}],"author":[{"embeddable":true,"href":"https:\/\/rekolux.cz\/en\/wp-json\/wp\/v2\/users\/1"}],"replies":[{"embeddable":true,"href":"https:\/\/rekolux.cz\/en\/wp-json\/wp\/v2\/comments?post=302"}],"version-history":[{"count":5,"href":"https:\/\/rekolux.cz\/en\/wp-json\/wp\/v2\/pages\/302\/revisions"}],"predecessor-version":[{"id":4689,"href":"https:\/\/rekolux.cz\/en\/wp-json\/wp\/v2\/pages\/302\/revisions\/4689"}],"wp:attachment":[{"href":"https:\/\/rekolux.cz\/en\/wp-json\/wp\/v2\/media?parent=302"}],"curies":[{"name":"wp","href":"https:\/\/api.w.org\/{rel}","templated":true}]}}