{"id":294,"date":"2023-05-27T11:49:28","date_gmt":"2023-05-27T09:49:28","guid":{"rendered":"https:\/\/rekolux.cz\/?page_id=294"},"modified":"2025-03-03T11:19:48","modified_gmt":"2025-03-03T09:19:48","slug":"o-nas","status":"publish","type":"page","link":"https:\/\/rekolux.cz\/en\/o-nas\/","title":{"rendered":"About us"},"content":{"rendered":"<div data-elementor-type=\"wp-page\" data-elementor-id=\"294\" class=\"elementor elementor-294\" data-elementor-post-type=\"page\">\n\t\t\t\t<div class=\"elementor-element elementor-element-377c03c e-flex e-con-boxed e-con e-parent\" data-id=\"377c03c\" data-element_type=\"container\">\n\t\t\t\t\t<div class=\"e-con-inner\">\n\t\t<div class=\"elementor-element elementor-element-4e98973 e-flex e-con-boxed e-con e-child\" data-id=\"4e98973\" data-element_type=\"container\">\n\t\t\t\t\t<div class=\"e-con-inner\">\n\t\t<div class=\"elementor-element elementor-element-d35d035 e-flex e-con-boxed e-con e-child\" data-id=\"d35d035\" data-element_type=\"container\" data-settings=\"{&quot;background_background&quot;:&quot;classic&quot;,&quot;background_motion_fx_motion_fx_scrolling&quot;:&quot;yes&quot;,&quot;background_motion_fx_translateX_effect&quot;:&quot;yes&quot;,&quot;background_motion_fx_translateX_direction&quot;:&quot;negative&quot;,&quot;background_motion_fx_translateX_speed&quot;:{&quot;unit&quot;:&quot;px&quot;,&quot;size&quot;:1,&quot;sizes&quot;:[]},&quot;background_motion_fx_devices&quot;:[&quot;desktop&quot;],&quot;background_motion_fx_translateX_affectedRange&quot;:{&quot;unit&quot;:&quot;%&quot;,&quot;size&quot;:&quot;&quot;,&quot;sizes&quot;:{&quot;start&quot;:0,&quot;end&quot;:100}}}\">\n\t\t\t\t\t<div class=\"e-con-inner\">\n\t\t\t\t<div class=\"elementor-element elementor-element-24ee2b7 elementor-invisible elementor-widget elementor-widget-heading\" data-id=\"24ee2b7\" data-element_type=\"widget\" data-settings=\"{&quot;_animation&quot;:&quot;fadeInRight&quot;}\" data-widget_type=\"heading.default\">\n\t\t\t\t<div class=\"elementor-widget-container\">\n\t\t\t\t\t<h2 class=\"elementor-heading-title elementor-size-default\">Who we are<\/h2>\t\t\t\t<\/div>\n\t\t\t\t<\/div>\n\t\t\t\t<div class=\"elementor-element elementor-element-0a5971f elementor-invisible elementor-widget elementor-widget-text-editor\" data-id=\"0a5971f\" data-element_type=\"widget\" data-settings=\"{&quot;_animation&quot;:&quot;fadeInRight&quot;,&quot;_animation_delay&quot;:200}\" data-widget_type=\"text-editor.default\">\n\t\t\t\t<div class=\"elementor-widget-container\">\n\t\t\t\t\t\t\t\t\t<p>After a long experience in the construction industry, we formed a group of professionals and decided to fix what is broken and improve what is outdated.<\/p>\t\t\t\t\t\t\t\t<\/div>\n\t\t\t\t<\/div>\n\t\t\t\t\t<\/div>\n\t\t\t\t<\/div>\n\t\t\t\t\t<\/div>\n\t\t\t\t<\/div>\n\t\t<div class=\"elementor-element elementor-element-2a20840 e-flex e-con-boxed e-con e-child\" data-id=\"2a20840\" data-element_type=\"container\">\n\t\t\t\t\t<div class=\"e-con-inner\">\n\t\t\t\t<div class=\"elementor-element elementor-element-f8762fb elementor-absolute elementor-hidden-tablet elementor-hidden-mobile e-transform decor-text elementor-widget elementor-widget-heading\" data-id=\"f8762fb\" data-element_type=\"widget\" data-settings=\"{&quot;_position&quot;:&quot;absolute&quot;,&quot;motion_fx_motion_fx_scrolling&quot;:&quot;yes&quot;,&quot;motion_fx_translateX_effect&quot;:&quot;yes&quot;,&quot;motion_fx_devices&quot;:[&quot;desktop&quot;],&quot;motion_fx_translateX_direction&quot;:&quot;negative&quot;,&quot;_transform_rotateZ_effect&quot;:{&quot;unit&quot;:&quot;px&quot;,&quot;size&quot;:-90,&quot;sizes&quot;:[]},&quot;motion_fx_translateX_speed&quot;:{&quot;unit&quot;:&quot;px&quot;,&quot;size&quot;:4,&quot;sizes&quot;:[]},&quot;motion_fx_translateX_affectedRange&quot;:{&quot;unit&quot;:&quot;%&quot;,&quot;size&quot;:&quot;&quot;,&quot;sizes&quot;:{&quot;start&quot;:0,&quot;end&quot;:100}},&quot;_transform_rotateZ_effect_laptop&quot;:{&quot;unit&quot;:&quot;deg&quot;,&quot;size&quot;:&quot;&quot;,&quot;sizes&quot;:[]},&quot;_transform_rotateZ_effect_tablet_extra&quot;:{&quot;unit&quot;:&quot;deg&quot;,&quot;size&quot;:&quot;&quot;,&quot;sizes&quot;:[]},&quot;_transform_rotateZ_effect_tablet&quot;:{&quot;unit&quot;:&quot;deg&quot;,&quot;size&quot;:&quot;&quot;,&quot;sizes&quot;:[]},&quot;_transform_rotateZ_effect_mobile_extra&quot;:{&quot;unit&quot;:&quot;deg&quot;,&quot;size&quot;:&quot;&quot;,&quot;sizes&quot;:[]},&quot;_transform_rotateZ_effect_mobile&quot;:{&quot;unit&quot;:&quot;deg&quot;,&quot;size&quot;:&quot;&quot;,&quot;sizes&quot;:[]}}\" data-widget_type=\"heading.default\">\n\t\t\t\t<div class=\"elementor-widget-container\">\n\t\t\t\t\t<span class=\"elementor-heading-title elementor-size-default\">Interior<\/span>\t\t\t\t<\/div>\n\t\t\t\t<\/div>\n\t\t\t\t<div class=\"elementor-element elementor-element-206b2fe elementor-absolute elementor-hidden-tablet elementor-hidden-mobile decor-text elementor-widget elementor-widget-heading\" data-id=\"206b2fe\" data-element_type=\"widget\" data-settings=\"{&quot;_position&quot;:&quot;absolute&quot;,&quot;motion_fx_motion_fx_scrolling&quot;:&quot;yes&quot;,&quot;motion_fx_translateX_effect&quot;:&quot;yes&quot;,&quot;motion_fx_devices&quot;:[&quot;desktop&quot;],&quot;motion_fx_translateX_direction&quot;:&quot;negative&quot;,&quot;motion_fx_translateX_speed&quot;:{&quot;unit&quot;:&quot;px&quot;,&quot;size&quot;:4,&quot;sizes&quot;:[]},&quot;motion_fx_translateX_affectedRange&quot;:{&quot;unit&quot;:&quot;%&quot;,&quot;size&quot;:&quot;&quot;,&quot;sizes&quot;:{&quot;start&quot;:0,&quot;end&quot;:100}}}\" data-widget_type=\"heading.default\">\n\t\t\t\t<div class=\"elementor-widget-container\">\n\t\t\t\t\t<span class=\"elementor-heading-title elementor-size-default\">Architecture<\/span>\t\t\t\t<\/div>\n\t\t\t\t<\/div>\n\t\t<div class=\"elementor-element elementor-element-c87ffa2 e-flex e-con-boxed elementor-invisible e-con e-child\" data-id=\"c87ffa2\" data-element_type=\"container\" data-settings=\"{&quot;animation&quot;:&quot;fadeInUp&quot;,&quot;animation_delay&quot;:200}\">\n\t\t\t\t\t<div class=\"e-con-inner\">\n\t\t\t\t<div class=\"elementor-element elementor-element-70fa00b elementor-invisible elementor-widget elementor-widget-text-editor\" data-id=\"70fa00b\" data-element_type=\"widget\" data-settings=\"{&quot;_animation&quot;:&quot;fadeInUp&quot;}\" data-widget_type=\"text-editor.default\">\n\t\t\t\t<div class=\"elementor-widget-container\">\n\t\t\t\t\t\t\t\t\t<p>Tak v roce 2016 vznikla zna\u010dka REKOLUX a v roce 2019 byla n\u00e1sledn\u011b registrov\u00e1na firma REKOLUX STAV s.r.o..<\/p><p>Prov\u00e1d\u00edme kompletn\u00ed rekonstrukce byt\u016f a rodinn\u00fdch dom\u016f v Praze a okol\u00ed. Nab\u00edz\u00edme jak pln\u00fd,\u00a0 tak i \u010d\u00e1ste\u010dn\u00fd servis slu\u017eeb, t\u00fdkaj\u00edc\u00edch se rekonstrukce. U n\u00e1ro\u010dn\u011bj\u0161\u00edch rekonstrukc\u00ed a p\u0159estaveb zajist\u00edme spolupr\u00e1ci architekta, projektovou dokumentaci, statick\u00e9 posouzen\u00ed a p\u0159evezmeme na sebe ve\u0161kerou legislativu.<\/p><p>Na\u0161i \u0159emesln\u00edci maj\u00ed za sebou dlouh\u00e1 l\u00e9ta praxe v oboru, a to v r\u016fzn\u00fdch zem\u00edch Evropsk\u00e9 unie. Kvalita pr\u00e1ce \u0159emesln\u00edk\u016f, pou\u017eit\u00e9ho stavebn\u00edho materi\u00e1lu a spokojenost na\u0161ich z\u00e1kazn\u00edk\u016f jsou pro n\u00e1s nejvy\u0161\u0161\u00ed prioritou. Zdokumentujeme cel\u00fd pr\u016fb\u011bh v\u00fdstavby nebo rekonstrukce, vysv\u011btl\u00edme ka\u017ed\u00fd krok, kter\u00fd podnikneme a v\u017edy nab\u00eddneme nejlep\u0161\u00ed mo\u017enost \u0159e\u0161eni, a to v\u0161e p\u0159i komunikaci s V\u00e1mi prost\u0159ednictv\u00edm Va\u0161\u00ed obl\u00edben\u00e9 aplikace.<\/p>\t\t\t\t\t\t\t\t<\/div>\n\t\t\t\t<\/div>\n\t\t\t\t\t<\/div>\n\t\t\t\t<\/div>\n\t\t\t\t\t<\/div>\n\t\t\t\t<\/div>\n\t\t\t\t\t<\/div>\n\t\t\t\t<\/div>\n\t\t\t\t<\/div>","protected":false},"excerpt":{"rendered":"<p>Kdo jsme Po dlouh\u00fdch zku\u0161enostech v oboru stavebnictv\u00ed jsme vytvo\u0159ili skupinu profesion\u00e1l\u016f a rozhodli se opravovat to, co je rozbit\u00e9 a vylep\u0161ovat to, co je zastaral\u00e9. Interior Architecture Tak v roce 2016 vznikla zna\u010dka REKOLUX a v roce 2019 byla n\u00e1sledn\u011b registrov\u00e1na firma REKOLUX STAV s.r.o.. Prov\u00e1d\u00edme kompletn\u00ed rekonstrukce byt\u016f a rodinn\u00fdch dom\u016f v Praze [&hellip;]<\/p>","protected":false},"author":1,"featured_media":0,"parent":0,"menu_order":0,"comment_status":"closed","ping_status":"closed","template":"","meta":{"_acf_changed":false,"footnotes":""},"class_list":["post-294","page","type-page","status-publish","hentry"],"acf":[],"_links":{"self":[{"href":"https:\/\/rekolux.cz\/en\/wp-json\/wp\/v2\/pages\/294","targetHints":{"allow":["GET"]}}],"collection":[{"href":"https:\/\/rekolux.cz\/en\/wp-json\/wp\/v2\/pages"}],"about":[{"href":"https:\/\/rekolux.cz\/en\/wp-json\/wp\/v2\/types\/page"}],"author":[{"embeddable":true,"href":"https:\/\/rekolux.cz\/en\/wp-json\/wp\/v2\/users\/1"}],"replies":[{"embeddable":true,"href":"https:\/\/rekolux.cz\/en\/wp-json\/wp\/v2\/comments?post=294"}],"version-history":[{"count":5,"href":"https:\/\/rekolux.cz\/en\/wp-json\/wp\/v2\/pages\/294\/revisions"}],"predecessor-version":[{"id":4630,"href":"https:\/\/rekolux.cz\/en\/wp-json\/wp\/v2\/pages\/294\/revisions\/4630"}],"wp:attachment":[{"href":"https:\/\/rekolux.cz\/en\/wp-json\/wp\/v2\/media?parent=294"}],"curies":[{"name":"wp","href":"https:\/\/api.w.org\/{rel}","templated":true}]}}